{"id":18,"date":"2012-10-15T10:59:35","date_gmt":"2012-10-15T08:59:35","guid":{"rendered":"http:\/\/test.ucid.it\/gruppolazio\/?page_id=12"},"modified":"2016-04-18T17:24:00","modified_gmt":"2016-04-18T15:24:00","slug":"contatti","status":"publish","type":"page","link":"https:\/\/ucid.it\/gruppopiemonte\/contatti\/","title":{"rendered":"Contatti"},"content":{"rendered":"<p>Il <strong>Gruppo interregionale Piemonte e Valle d&#8217;Aosta<\/strong> ha sede in:<\/p>\n<p>Corso Palestro 14 &#8211;\u00a010122 TORINO<\/p>\n<p>Tel. 011\/8122083<\/p>\n<p>Email: gr.piemontevalledaosta@ucid.it<\/p>\n<p><em>Orario Segreteria: luned\u00ec ore 13-18,30, da marted\u00ec a gioved\u00ec ore 8,30-14<\/em><\/p>\n","protected":false},"excerpt":{"rendered":"<p>Il Gruppo interregionale Piemonte e Valle d&#8217;Aosta ha sede in: Corso Palestro 14 &#8211;\u00a010122 TORINO Tel. 011\/8122083 Email: gr.piemontevalledaosta@ucid.it Orario Segreteria: luned\u00ec ore 13-18,30, da marted\u00ec a gioved\u00ec ore 8,30-14<\/p>\n","protected":false},"author":1,"featured_media":0,"parent":0,"menu_order":0,"comment_status":"closed","ping_status":"closed","template":"","meta":{"footnotes":""},"class_list":["post-18","page","type-page","status-publish","hentry"],"_links":{"self":[{"href":"https:\/\/ucid.it\/gruppopiemonte\/wp-json\/wp\/v2\/pages\/18","targetHints":{"allow":["GET"]}}],"collection":[{"href":"https:\/\/ucid.it\/gruppopiemonte\/wp-json\/wp\/v2\/pages"}],"about":[{"href":"https:\/\/ucid.it\/gruppopiemonte\/wp-json\/wp\/v2\/types\/page"}],"author":[{"embeddable":true,"href":"https:\/\/ucid.it\/gruppopiemonte\/wp-json\/wp\/v2\/users\/1"}],"replies":[{"embeddable":true,"href":"https:\/\/ucid.it\/gruppopiemonte\/wp-json\/wp\/v2\/comments?post=18"}],"version-history":[{"count":0,"href":"https:\/\/ucid.it\/gruppopiemonte\/wp-json\/wp\/v2\/pages\/18\/revisions"}],"wp:attachment":[{"href":"https:\/\/ucid.it\/gruppopiemonte\/wp-json\/wp\/v2\/media?parent=18"}],"curies":[{"name":"wp","href":"https:\/\/api.w.org\/{rel}","templated":true}]}}