{"id":44,"date":"2012-10-15T10:59:35","date_gmt":"2012-10-15T08:59:35","guid":{"rendered":"http:\/\/test.ucid.it\/gruppolazio\/?page_id=12"},"modified":"2024-04-29T15:52:52","modified_gmt":"2024-04-29T13:52:52","slug":"contatti","status":"publish","type":"page","link":"https:\/\/ucid.it\/sezionegenova\/contatti\/","title":{"rendered":"Contatti"},"content":{"rendered":"<p><strong>SEGRETERIA UCID LIGURIA<\/strong><\/p>\n<p>La Segreteria \u00e8 aperta nei giorni feriali di:<br \/>\nLuned\u00ec dalle ore 10.00 alle ore 13,00<br \/>\nMercoled\u00ec dalle ore 10,00 alle ore 13,00<br \/>\nVenerd\u00ec dalle ore 10,00 alle ore 13,00<\/p>\n<p><strong>Indirizzo:<\/strong> Via Serra 6c cancello &#8211; 16122 Genova<\/p>\n<p><strong>E-mail: <\/strong><a href=\"mailto:sezionegenova@ucidliguria.it\"> sezionegenova@ucidliguria.it <\/a><br \/>\n<strong>Sito:<\/strong> <a href=\"http:\/\/www.ucid.it\/sezionegenova\">www.ucid.it\/sezionegenova<\/a><br \/>\n<strong>Codice Fiscale:<\/strong> 95107690109<\/p>\n<p><a href=\"http:\/\/ucid.it\/sezionegenova\/wp-content\/uploads\/sites\/58\/2012\/10\/via-serra.jpg\"><img loading=\"lazy\" decoding=\"async\" class=\"alignnone wp-image-151\" src=\"http:\/\/ucid.it\/sezionegenova\/wp-content\/uploads\/sites\/58\/2012\/10\/via-serra.jpg\" alt=\"via serra\" width=\"595\" height=\"497\" srcset=\"https:\/\/ucid.it\/sezionegenova\/wp-content\/uploads\/sites\/58\/2012\/10\/via-serra.jpg 640w, https:\/\/ucid.it\/sezionegenova\/wp-content\/uploads\/sites\/58\/2012\/10\/via-serra-300x250.jpg 300w\" sizes=\"auto, (max-width: 595px) 100vw, 595px\" \/><\/a><\/p>\n","protected":false},"excerpt":{"rendered":"<p>SEGRETERIA UCID LIGURIA La Segreteria \u00e8 aperta nei giorni feriali di: Luned\u00ec dalle ore 10.00 alle ore 13,00 Mercoled\u00ec dalle ore 10,00 alle ore 13,00 Venerd\u00ec dalle ore 10,00 alle ore 13,00 Indirizzo: Via Serra 6c cancello &#8211; 16122 Genova E-mail: sezionegenova@ucidliguria.it Sito: www.ucid.it\/sezionegenova Codice Fiscale: 95107690109<\/p>\n","protected":false},"author":1,"featured_media":0,"parent":0,"menu_order":0,"comment_status":"closed","ping_status":"closed","template":"","meta":{"footnotes":""},"class_list":["post-44","page","type-page","status-publish","hentry"],"_links":{"self":[{"href":"https:\/\/ucid.it\/sezionegenova\/wp-json\/wp\/v2\/pages\/44","targetHints":{"allow":["GET"]}}],"collection":[{"href":"https:\/\/ucid.it\/sezionegenova\/wp-json\/wp\/v2\/pages"}],"about":[{"href":"https:\/\/ucid.it\/sezionegenova\/wp-json\/wp\/v2\/types\/page"}],"author":[{"embeddable":true,"href":"https:\/\/ucid.it\/sezionegenova\/wp-json\/wp\/v2\/users\/1"}],"replies":[{"embeddable":true,"href":"https:\/\/ucid.it\/sezionegenova\/wp-json\/wp\/v2\/comments?post=44"}],"version-history":[{"count":0,"href":"https:\/\/ucid.it\/sezionegenova\/wp-json\/wp\/v2\/pages\/44\/revisions"}],"wp:attachment":[{"href":"https:\/\/ucid.it\/sezionegenova\/wp-json\/wp\/v2\/media?parent=44"}],"curies":[{"name":"wp","href":"https:\/\/api.w.org\/{rel}","templated":true}]}}